{"id":11328,"date":"2018-10-02T16:19:27","date_gmt":"2018-10-02T13:19:27","guid":{"rendered":"https:\/\/myfly-yoga.eu\/politika-konfidenczialnosti\/"},"modified":"2025-09-10T20:46:27","modified_gmt":"2025-09-10T17:46:27","slug":"politika-konfidenczialnosti","status":"publish","type":"page","link":"https:\/\/myfly-yoga.eu\/et\/politika-konfidenczialnosti\/","title":{"rendered":"Privaatsuspoliitika"},"content":{"rendered":"\t\t<div data-elementor-type=\"wp-post\" data-elementor-id=\"11328\" class=\"elementor elementor-11328\" data-elementor-post-type=\"page\">\n\t\t\t\t\t\t<section class=\"elementor-section elementor-top-section elementor-element elementor-element-6e4ce64e elementor-section-boxed elementor-section-height-default elementor-section-height-default\" data-id=\"6e4ce64e\" data-element_type=\"section\" data-e-type=\"section\">\n\t\t\t\t\t\t<div class=\"elementor-container elementor-column-gap-default\">\n\t\t\t\t\t<div class=\"elementor-column elementor-col-100 elementor-top-column elementor-element elementor-element-4a9f0399\" data-id=\"4a9f0399\" data-element_type=\"column\" data-e-type=\"column\">\n\t\t\t<div class=\"elementor-widget-wrap elementor-element-populated\">\n\t\t\t\t\t\t<div class=\"elementor-element elementor-element-5dd5fd8d elementor-widget elementor-widget-text-editor\" data-id=\"5dd5fd8d\" data-element_type=\"widget\" data-e-type=\"widget\" data-widget_type=\"text-editor.default\">\n\t\t\t\t<div class=\"elementor-widget-container\">\n\t\t\t\t\t\t\t\t\t<p><span style=\"color: #000000;\"><strong><b>Kes me oleme<\/b><\/strong><\/span><\/p><p><span style=\"color: #000000;\">Meie veebisaidi aadress on: https:\/\/myfly-yoga.eu.<\/span><\/p><p><strong><span style=\"color: #000000;\">Milliseid isikuandmeid me kogume ja miks?<\/span><\/strong><\/p><p><span style=\"color: #000000;\"><strong><b>Kommentaarid<\/b><\/strong><\/span><\/p><p><span style=\"color: #000000;\">Kui k\u00fclastajad j\u00e4tavad saidile kommentaare, kogume kommentaarivormil kuvatud andmeid ning ka k\u00fclastaja IP-aadressi ja brauseri kasutajaagendi andmed, et aidata r\u00e4mpsposti tuvastada.<\/span><\/p><p><span style=\"color: #000000;\">Teie e-posti aadressist loodud anon\u00fc\u00fcmne string (nimetatakse ka \u00abhesh\u2019iks\u00bb) v\u00f5idakse Gravatar teenusele edastada, et n\u00e4ha, kas te seda kasutate. Gravatar teenuse privaatsuspoliitika on saadaval siin: https:\/\/automattic.com\/privacy\/ . P\u00e4rast teie kommentaari kinnitamist on teie profiilipilt teie kommentaari kontekstis avalikkusele n\u00e4htav.<\/span><\/p><p>\u00a0<\/p><p><span style=\"color: #000000;\"><strong><b>Meedia<\/b><\/strong><\/span><\/p><p><span style=\"color: #000000;\">Kui olete registreeritud kasutaja ja laadite saidile \u00fcles pilte, peaksite v\u00e4ltima piltide \u00fcleslaadimist koos manustatud asukohaandmetega (EXIF GPS). Saidi k\u00fclastajad saavad saidil olevatest piltidest alla laadida ja asukohaandmeid eraldada.<\/span><\/p><p>\u00a0<\/p><p><span style=\"color: #000000;\"><strong><b>Kontaktvormid \/ <\/b><\/strong><\/span><span style=\"color: #000000;\"><strong><b>K\u00fcpsised<\/b><\/strong><\/span><\/p><p><span style=\"color: #000000;\">Kui j\u00e4tate meie kodulehele kommentaari, v\u00f5ite lubada oma nime, e-posti aadressi ja kodulehe salvestamise k\u00fcpsistesse. Need k\u00fcpsised on teie mugavuse huvides, et te ei peaks oma andmeid uuesti sisestama, kui j\u00e4rgmise kommentaari j\u00e4tate. Need k\u00fcpsised kestavad \u00fche aasta.<\/span><\/p><p><span style=\"color: #000000;\">Kui teil on sellel saidil konto ja logite sisse, m\u00e4\u00e4rame ajutise k\u00fcpsise, et teha kindlaks, kas teie brauser k\u00fcpsiseid aktsepteerib. See k\u00fcpsis ei sisalda isikuandmeid ja see kustutatakse brauseri sulgemisel.<\/span><\/p><p><span style=\"color: #000000;\">Sisselogimisel m\u00e4\u00e4rame ka mitu k\u00fcpsist teie sisselogimisteabe ja ekraanikuva valikute salvestamiseks. Sisselogimisk\u00fcpsised kestavad kaks p\u00e4eva ja ekraanivalikute k\u00fcpsised aasta. Kui valite \u201ePea mind meeles\u201d, j\u00e4\u00e4b teie sisselogimine kaheks n\u00e4dalaks. Kui logite oma kontolt v\u00e4lja, eemaldatakse sisselogimisk\u00fcpsised.<\/span><\/p><p><span style=\"color: #000000;\">Kui muudate v\u00f5i avaldate artikli, salvestatakse teie brauserisse t\u00e4iendav k\u00fcpsis. See k\u00fcpsis ei sisalda isikuandmeid ja n\u00e4itab lihtsalt \u00e4sja muudetud artikli postituse ID-d.<\/span><\/p><p>\u00a0<\/p><p><span style=\"color: #000000;\"><strong><b>Manustatud sisu teistelt veebisaitidelt<\/b><\/strong><\/span><\/p><p><span style=\"color: #000000;\">Selle saidi artiklid v\u00f5ivad sisaldada manustatud sisu (nt videod, pildid, artiklid jne). Muu manustatud sisu k\u00e4itub t\u00e4pselt samamoodi nagu siis, kui k\u00fclastaja on k\u00fclastanud teist veebisaiti.<\/span><\/p><p><span style=\"color: #000000;\">Need veebisaidid v\u00f5ivad koguda teie kohta andmeid, kasutada k\u00fcpsiseid, manustada t\u00e4iendavaid kolmandate osapoolte j\u00e4lgimisandmeid ja j\u00e4lgida teie suhtlust manustatud sisuga, sealhulgas j\u00e4lgida teie suhtlust manustatud sisuga, kui teil on konto ja olete sellele veebisaidile sisse logitud.<\/span><\/p><p>\u00a0<\/p><p><span style=\"color: #000000;\"><strong><b>Veebianal\u00fc\u00fctika<\/b><\/strong><\/span><\/p><p><strong><span style=\"color: #000000;\">Kellega me teie andmeid jagame. <\/span><span style=\"color: #000000;\">Kui kaua me teie andmeid s\u00e4ilitame<\/span><\/strong><\/p><p><span style=\"color: #000000;\">Kui j\u00e4tate kommentaari, s\u00e4ilitatakse kommentaari ja selle metaandmeid m\u00e4\u00e4ramata ajaks. See on selleks, et saaksime automaatselt tuvastada ja heaks kiita k\u00f5ik j\u00e4relkommentaarid, selle asemel, et neid modereerimisj\u00e4rjekorras hoida.<\/span><\/p><p><span style=\"color: #000000;\">Meie saidil registreerunud kasutajate puhul salvestame ka nende kasutajaprofiilis esitatud isikuandmeid. K\u00f5ik kasutajad saavad oma isikuandmeid oma profiilist igal ajal vaadata, muuta v\u00f5i kustutada (v\u00e4lja arvatud kasutajanimi). Veebisaidi administraatorid saavad seda teavet samuti vaadata ja muuta.<\/span><\/p><p>\u00a0<\/p><p><span style=\"color: #000000;\"><strong><b>Millised on teie \u00f5igused oma andmete \u00fcle<\/b><\/strong><\/span><\/p><p><span style=\"color: #000000;\">Kui teil on sellel saidil konto v\u00f5i olete j\u00e4tnud kommentaare, v\u00f5ite taotleda eksporditud faili teie kohta k\u00e4ivate isikuandmete kohta, sealhulgas k\u00f5igi andmete kohta, mida olete meile esitanud. Samuti v\u00f5ite taotleda, et kustutaksime k\u00f5ik teie kohta k\u00e4ivad isikuandmed. See ei h\u00f5lma andmeid, mida oleme kohustatud s\u00e4ilitama haldus-, juriidilistel v\u00f5i turvaeesm\u00e4rkidel.<\/span><\/p><p>\u00a0<\/p><p><span style=\"color: #000000;\"><strong><b>Kuhu me teie andmeid saadame<\/b><\/strong><\/span><\/p><p><span style=\"color: #000000;\">Kasutajate kommentaare v\u00f5idakse kontrollida automaatse r\u00e4mpsposti tuvastamise teenuse abil.<\/span><\/p>\t\t\t\t\t\t\t\t<\/div>\n\t\t\t\t<\/div>\n\t\t\t\t\t<\/div>\n\t\t<\/div>\n\t\t\t\t\t<\/div>\n\t\t<\/section>\n\t\t\t\t<\/div>\n\t\t","protected":false},"excerpt":{"rendered":"<p>Kes me oleme Meie veebisaidi aadress on: https:\/\/myfly-yoga.eu. Milliseid isikuandmeid me kogume ja miks? Kommentaarid Kui k\u00fclastajad j\u00e4tavad saidile kommentaare, kogume kommentaarivormil kuvatud andmeid ning ka k\u00fclastaja IP-aadressi ja brauseri kasutajaagendi andmed, et aidata r\u00e4mpsposti tuvastada. Teie e-posti aadressist loodud anon\u00fc\u00fcmne string (nimetatakse ka \u00abhesh\u2019iks\u00bb) v\u00f5idakse Gravatar teenusele edastada, et n\u00e4ha, kas te seda kasutate.&hellip;&nbsp;<a href=\"https:\/\/myfly-yoga.eu\/et\/politika-konfidenczialnosti\/\" class=\"\" rel=\"bookmark\">Read More &raquo;<span class=\"screen-reader-text\">Privaatsuspoliitika<\/span><\/a><\/p>\n","protected":false},"author":1,"featured_media":0,"parent":0,"menu_order":0,"comment_status":"closed","ping_status":"open","template":"","meta":{"neve_meta_sidebar":"","neve_meta_container":"","neve_meta_enable_content_width":"","neve_meta_content_width":70,"neve_meta_title_alignment":"","neve_meta_author_avatar":"","neve_post_elements_order":"","neve_meta_disable_header":"","neve_meta_disable_footer":"","neve_meta_disable_title":"","footnotes":""},"class_list":["post-11328","page","type-page","status-publish","hentry"],"aioseo_notices":[],"_links":{"self":[{"href":"https:\/\/myfly-yoga.eu\/et\/wp-json\/wp\/v2\/pages\/11328","targetHints":{"allow":["GET"]}}],"collection":[{"href":"https:\/\/myfly-yoga.eu\/et\/wp-json\/wp\/v2\/pages"}],"about":[{"href":"https:\/\/myfly-yoga.eu\/et\/wp-json\/wp\/v2\/types\/page"}],"author":[{"embeddable":true,"href":"https:\/\/myfly-yoga.eu\/et\/wp-json\/wp\/v2\/users\/1"}],"replies":[{"embeddable":true,"href":"https:\/\/myfly-yoga.eu\/et\/wp-json\/wp\/v2\/comments?post=11328"}],"version-history":[{"count":4,"href":"https:\/\/myfly-yoga.eu\/et\/wp-json\/wp\/v2\/pages\/11328\/revisions"}],"predecessor-version":[{"id":11745,"href":"https:\/\/myfly-yoga.eu\/et\/wp-json\/wp\/v2\/pages\/11328\/revisions\/11745"}],"wp:attachment":[{"href":"https:\/\/myfly-yoga.eu\/et\/wp-json\/wp\/v2\/media?parent=11328"}],"curies":[{"name":"wp","href":"https:\/\/api.w.org\/{rel}","templated":true}]}}