{"id":11330,"date":"2023-01-26T14:31:51","date_gmt":"2023-01-26T11:31:51","guid":{"rendered":"https:\/\/myfly-yoga.eu\/massazh-goryachimi-kamnyami\/"},"modified":"2025-10-31T13:28:16","modified_gmt":"2025-10-31T10:28:16","slug":"massazh-goryachimi-kamnyami","status":"publish","type":"page","link":"https:\/\/myfly-yoga.eu\/et\/massazh-goryachimi-kamnyami\/","title":{"rendered":"Laavakivimassaaz"},"content":{"rendered":"\t\t<div data-elementor-type=\"wp-post\" data-elementor-id=\"11330\" class=\"elementor elementor-11330\" data-elementor-post-type=\"page\">\n\t\t\t\t\t\t<section class=\"elementor-section elementor-top-section elementor-element elementor-element-8ee280a elementor-section-boxed elementor-section-height-default elementor-section-height-default\" data-id=\"8ee280a\" data-element_type=\"section\" data-e-type=\"section\">\n\t\t\t\t\t\t<div class=\"elementor-container elementor-column-gap-default\">\n\t\t\t\t\t<div class=\"elementor-column elementor-col-100 elementor-top-column elementor-element elementor-element-4f1f3dc\" data-id=\"4f1f3dc\" data-element_type=\"column\" data-e-type=\"column\">\n\t\t\t<div class=\"elementor-widget-wrap elementor-element-populated\">\n\t\t\t\t\t\t<div class=\"elementor-element elementor-element-f3ded26 elementor-button-info elementor-align-center elementor-widget elementor-widget-button\" data-id=\"f3ded26\" data-element_type=\"widget\" data-e-type=\"widget\" data-widget_type=\"button.default\">\n\t\t\t\t<div class=\"elementor-widget-container\">\n\t\t\t\t\t\t\t\t\t<div class=\"elementor-button-wrapper\">\n\t\t\t\t\t<a class=\"elementor-button elementor-button-link elementor-size-lg\" href=\"#spu-6035\">\n\t\t\t\t\t\t<span class=\"elementor-button-content-wrapper\">\n\t\t\t\t\t\t\t\t\t<span class=\"elementor-button-text\">\u041e\u0441\u0442\u0430\u0432\u0438\u0442\u044c \u0437\u0430\u044f\u0432\u043a\u0443<\/span>\n\t\t\t\t\t<\/span>\n\t\t\t\t\t<\/a>\n\t\t\t\t<\/div>\n\t\t\t\t\t\t\t\t<\/div>\n\t\t\t\t<\/div>\n\t\t\t\t<div class=\"elementor-element elementor-element-1183875 elementor-widget elementor-widget-heading\" data-id=\"1183875\" data-element_type=\"widget\" data-e-type=\"widget\" data-widget_type=\"heading.default\">\n\t\t\t\t<div class=\"elementor-widget-container\">\n\t\t\t\t\t<h1 class=\"elementor-heading-title elementor-size-default\">Laavakivimassaaz Tallinnas<\/h1>\t\t\t\t<\/div>\n\t\t\t\t<\/div>\n\t\t\t\t<div class=\"elementor-element elementor-element-bca4a8b elementor-widget elementor-widget-text-editor\" data-id=\"bca4a8b\" data-element_type=\"widget\" data-e-type=\"widget\" data-widget_type=\"text-editor.default\">\n\t\t\t\t<div class=\"elementor-widget-container\">\n\t\t\t\t\t\t\t\t\t<div dir=\"auto\"><div><div dir=\"auto\"><img fetchpriority=\"high\" decoding=\"async\" class=\"size-medium wp-image-6023 alignleft\" src=\"https:\/\/myfly-yoga.eu\/wp-content\/uploads\/2023\/01\/massage-kamnjami-300x171.jpg\" alt=\"\" width=\"300\" height=\"171\" srcset=\"https:\/\/myfly-yoga.eu\/wp-content\/uploads\/2023\/01\/massage-kamnjami-300x171.jpg 300w, https:\/\/myfly-yoga.eu\/wp-content\/uploads\/2023\/01\/massage-kamnjami.jpg 750w\" sizes=\"(max-width: 300px) 100vw, 300px\" \/><\/div><\/div><div><div dir=\"auto\"><p><span style=\"color: #000000;\">Massaa\u017e vulkaaniliste kuumade kividega on iidne ravimeetod. Seda tehakse kuumade kivide ja \u00f5lide segu abil, mis aitavad leevendada stressi, v\u00e4simust ja t\u00e4ita eluj\u00f5uga.<\/span><\/p><p><span style=\"color: #000000;\">Maa energia on universaalne energia, mis toidab meie olemust. Ja see on maksimaalselt kontsentreeritud kividesse \u2013 algelementidesse, aluse alusesse.<\/span><\/p><p><span style=\"color: #000000;\">Kive kuumutades ja nendega massaa\u017ei tehes aktiveerime nende sees oleva energia, v\u00f5tame vastu ja omastame seda.<\/span><\/p><h4><strong><span style=\"color: #000000;\">Kuidas toimub massaa\u017e:<\/span><\/strong><\/h4><p><span style=\"color: #000000;\">Protseduuri alguses asetatakse eelsoojendatud looduslikud laavakivid energiakeskuste piirkondadele, mis on laetud p\u00e4ikese, tuule, tule ja vee energiaga.<\/span><\/p><p><span style=\"color: #000000;\">P\u00e4rast seda algab massaa\u017e eeterliku terapeutilise keha\u00f5liga, mis koosneb l\u00fcmfidrenaa\u017ei tehnikatest, n\u00f5elravist ja shiatsu&#8217;st.<\/span><\/p><p><span style=\"color: #000000;\">Maast s\u00fcndinud, vee, p\u00e4ikese ja tuule poolt poleeritud vulkaanilised kivid, basaltmassaa\u017eikivid on loodusliku ja kosmilise energia allikas.<\/span><\/p><p><span style=\"color: #000000;\">Need sisaldavad tohutul hulgal mikroelemente, kiirgavad soojust ja positiivset energiat, mis leevendavad lihaspingeid, reguleerivad n\u00e4rvi-, hormonaal- ja immuuns\u00fcsteemi.<\/span><br \/><span style=\"color: #000000;\">Hoides kuumutatud kive peopesades, liigutab terapeut kive m\u00f6\u00f6da lihaseid libisevate liigutustega.<\/span><br \/><span style=\"color: #000000;\">Terapeut suunab olemasoleva eluenergia voolama sinna, kuhu seda vaja on, ja v\u00e4hendab seda seal, kus seda on liiga palju. Kivide abil saab kindlaks teha, milline kehaorgan vajab tervendamist. Selles kohas imab kehapiirkond kivide soojuse v\u00e4ga kiiresti endasse.<\/span><br \/><span style=\"color: #000000;\">Protseduur h\u00f5lmab n\u00e4o- ja peamassaa\u017ei.<\/span><br \/><span style=\"color: #000000;\">Kogu protsessi l\u00f5pus asetatakse igale energiakeskusele vastav mineraalkivi, mis v\u00f5imendab keskuse positiivseid omadusi.<\/span><br \/><span style=\"color: #000000;\">Vulkaaniliste kividega massaa\u017e on v\u00e4ga efektiivne, kui esineb:<\/span><br \/><span style=\"color: #000000;\">\u2022 v\u00e4simus, stress;<\/span><br \/><span style=\"color: #000000;\">\u2022 pingeline periood elus;<\/span><br \/><span style=\"color: #000000;\">\u2022 unetus;<\/span><br \/><span style=\"color: #000000;\">\u2022 lihas- ja liigesevalu<\/span><br \/><span style=\"color: #000000;\">Vastun\u00e4idustused:<\/span><br \/><span style=\"color: #000000;\">\u2022 s\u00fcdame-veresoonkonna haigused (sh k\u00f5rge astme veenilaiendid, insult, migreen, verevedeldajate v\u00f5tmine)<\/span><br \/><span style=\"color: #000000;\">\u2022 \u00e4ge p\u00f5letik, kasvajad ja haavad nahal;<\/span><br \/><span style=\"color: #000000;\">\u2022 ei ole soovitatav inimestele, kes ei talu sauna ega kuumust<\/span><br \/><span style=\"color: #000000;\">See protseduur on l\u00f5pmata meeldiv\u2026 Elava kivi puudutus j\u00e4\u00e4b teile igaveseks meelde ja olete t\u00e4nulik meistrile, kes teile selle HINGE ja TUNNETE lennu kinkis\u2026<\/span><br \/><span style=\"color: #000000;\">Massaa\u017ei kestus 1,5 tundi<\/span><\/p><\/div><\/div><\/div>\t\t\t\t\t\t\t\t<\/div>\n\t\t\t\t<\/div>\n\t\t\t\t\t<\/div>\n\t\t<\/div>\n\t\t\t\t\t<\/div>\n\t\t<\/section>\n\t\t\t\t<\/div>\n\t\t","protected":false},"excerpt":{"rendered":"<p>\u041e\u0441\u0442\u0430\u0432\u0438\u0442\u044c \u0437\u0430\u044f\u0432\u043a\u0443 Laavakivimassaaz Tallinnas Massaa\u017e vulkaaniliste kuumade kividega on iidne ravimeetod. Seda tehakse kuumade kivide ja \u00f5lide segu abil, mis aitavad leevendada stressi, v\u00e4simust ja t\u00e4ita eluj\u00f5uga. Maa energia on universaalne energia, mis toidab meie olemust. Ja see on maksimaalselt kontsentreeritud kividesse \u2013 algelementidesse, aluse alusesse. Kive kuumutades ja nendega massaa\u017ei tehes aktiveerime nende sees&hellip;&nbsp;<a href=\"https:\/\/myfly-yoga.eu\/et\/massazh-goryachimi-kamnyami\/\" class=\"\" rel=\"bookmark\">Read More &raquo;<span class=\"screen-reader-text\">Laavakivimassaaz<\/span><\/a><\/p>\n","protected":false},"author":1,"featured_media":0,"parent":0,"menu_order":0,"comment_status":"closed","ping_status":"closed","template":"page-templates\/template-pagebuilder-full-width.php","meta":{"neve_meta_sidebar":"","neve_meta_container":"","neve_meta_enable_content_width":"","neve_meta_content_width":70,"neve_meta_title_alignment":"","neve_meta_author_avatar":"","neve_post_elements_order":"","neve_meta_disable_header":"","neve_meta_disable_footer":"","neve_meta_disable_title":"","footnotes":""},"class_list":["post-11330","page","type-page","status-publish","hentry"],"aioseo_notices":[],"_links":{"self":[{"href":"https:\/\/myfly-yoga.eu\/et\/wp-json\/wp\/v2\/pages\/11330","targetHints":{"allow":["GET"]}}],"collection":[{"href":"https:\/\/myfly-yoga.eu\/et\/wp-json\/wp\/v2\/pages"}],"about":[{"href":"https:\/\/myfly-yoga.eu\/et\/wp-json\/wp\/v2\/types\/page"}],"author":[{"embeddable":true,"href":"https:\/\/myfly-yoga.eu\/et\/wp-json\/wp\/v2\/users\/1"}],"replies":[{"embeddable":true,"href":"https:\/\/myfly-yoga.eu\/et\/wp-json\/wp\/v2\/comments?post=11330"}],"version-history":[{"count":10,"href":"https:\/\/myfly-yoga.eu\/et\/wp-json\/wp\/v2\/pages\/11330\/revisions"}],"predecessor-version":[{"id":11741,"href":"https:\/\/myfly-yoga.eu\/et\/wp-json\/wp\/v2\/pages\/11330\/revisions\/11741"}],"wp:attachment":[{"href":"https:\/\/myfly-yoga.eu\/et\/wp-json\/wp\/v2\/media?parent=11330"}],"curies":[{"name":"wp","href":"https:\/\/api.w.org\/{rel}","templated":true}]}}