{"id":11334,"date":"2019-07-13T19:52:25","date_gmt":"2019-07-13T16:52:25","guid":{"rendered":"https:\/\/myfly-yoga.eu\/zapisatsya-na-zanyatie-po-joge\/"},"modified":"2025-10-20T11:14:05","modified_gmt":"2025-10-20T08:14:05","slug":"zapisatsya-na-zanyatie-po-joge","status":"publish","type":"page","link":"https:\/\/myfly-yoga.eu\/et\/zapisatsya-na-zanyatie-po-joge\/","title":{"rendered":"Registreeru joogatundi"},"content":{"rendered":"\t\t<div data-elementor-type=\"wp-post\" data-elementor-id=\"11334\" class=\"elementor elementor-11334\" data-elementor-post-type=\"page\">\n\t\t\t\t\t\t<section class=\"elementor-section elementor-top-section elementor-element elementor-element-2184f15 elementor-section-content-middle elementor-section-boxed elementor-section-height-default elementor-section-height-default\" data-id=\"2184f15\" data-element_type=\"section\" data-e-type=\"section\">\n\t\t\t\t\t\t<div class=\"elementor-container elementor-column-gap-default\">\n\t\t\t\t\t<div class=\"elementor-column elementor-col-100 elementor-top-column elementor-element elementor-element-b22d3df\" data-id=\"b22d3df\" data-element_type=\"column\" data-e-type=\"column\">\n\t\t\t<div class=\"elementor-widget-wrap elementor-element-populated\">\n\t\t\t\t\t\t<div class=\"elementor-element elementor-element-ff6842d elementor-widget elementor-widget-heading\" data-id=\"ff6842d\" data-element_type=\"widget\" data-e-type=\"widget\" data-widget_type=\"heading.default\">\n\t\t\t\t<div class=\"elementor-widget-container\">\n\t\t\t\t\t<h1 class=\"elementor-heading-title elementor-size-default\">BRONEERIMINE<\/h1>\t\t\t\t<\/div>\n\t\t\t\t<\/div>\n\t\t\t\t\t<\/div>\n\t\t<\/div>\n\t\t\t\t\t<\/div>\n\t\t<\/section>\n\t\t\t\t<section class=\"elementor-section elementor-top-section elementor-element elementor-element-b613d12 elementor-section-boxed elementor-section-height-default elementor-section-height-default\" data-id=\"b613d12\" data-element_type=\"section\" data-e-type=\"section\">\n\t\t\t\t\t\t<div class=\"elementor-container elementor-column-gap-default\">\n\t\t\t\t\t<div class=\"elementor-column elementor-col-50 elementor-top-column elementor-element elementor-element-e52d2e9\" data-id=\"e52d2e9\" data-element_type=\"column\" data-e-type=\"column\">\n\t\t\t<div class=\"elementor-widget-wrap elementor-element-populated\">\n\t\t\t\t\t\t<div class=\"elementor-element elementor-element-6cf83eb elementor-widget elementor-widget-text-editor\" data-id=\"6cf83eb\" data-element_type=\"widget\" data-e-type=\"widget\" data-widget_type=\"text-editor.default\">\n\t\t\t\t<div class=\"elementor-widget-container\">\n\t\t\t\t\t\t\t\t\t<p>Tundi registreerimine on kiire ja lihtne.<\/p><ol><li><strong><b> Vali kalendrist kuup\u00e4ev<\/b><\/strong><\/li><li><strong><b> Vali tund<\/b><\/strong><strong><b>. <\/b><\/strong><\/li><li>Kui oled \u201eUus kasutaja\u201d \u2013 t\u00e4ida k\u00f5ik v\u00e4ljad ja <strong><b>kl\u00f5psa nupul \u201eBroneeri see <\/b><\/strong><strong><b>aeg<\/b><\/strong><strong><b>\u201d<\/b><\/strong><\/li><li>Kui oled varem broneerinud \u2013 vali <strong>\u201eOlen registreeritud\u201d<\/strong> ja logi oma kontole sisse.<\/li><\/ol><p><span style=\"color: #ff0000;\"><strong>Tunni saad broneerida ja t\u00fchistada oma isikliku kabinetis ning\u00a0vaadata\u00a0broneeringute ajalugu<\/strong><\/span>.<\/p>\t\t\t\t\t\t\t\t<\/div>\n\t\t\t\t<\/div>\n\t\t\t\t\t<\/div>\n\t\t<\/div>\n\t\t\t\t<div class=\"elementor-column elementor-col-50 elementor-top-column elementor-element elementor-element-c72ebc0\" data-id=\"c72ebc0\" data-element_type=\"column\" data-e-type=\"column\">\n\t\t\t<div class=\"elementor-widget-wrap elementor-element-populated\">\n\t\t\t\t\t\t<div class=\"elementor-element elementor-element-e9a1090 elementor-widget elementor-widget-wp-widget-booked_calendar\" data-id=\"e9a1090\" data-element_type=\"widget\" data-e-type=\"widget\" data-widget_type=\"wp-widget-booked_calendar.default\">\n\t\t\t\t<div class=\"elementor-widget-container\">\n\t\t\t\t\t<div class=\"booked-calendar-shortcode-wrap\"><div class=\"booked-calendar-wrap small\"><table class=\"booked-calendar\" data-calendar-date=\"2026-05-01\">\n\t\t<thead>\n\n\t\t\t\n\t\t\t<tr>\n\t\t\t\t<th colspan=\"7\">\n\t\t\t\t\t\t\t\t\t\t<span class=\"calendarSavingState\">\n\t\t\t\t\t\t<i class=\"booked-icon booked-icon-spinner-clock booked-icon-spin\"><\/i>\n\t\t\t\t\t<\/span>\n\t\t\t\t\t<span class=\"monthName\">\n\t\t\t\t\t\tmai 2026\t\t\t\t\t\t\t\t\t\t\t<\/span>\n\t\t\t\t\t<a href=\"#\" data-goto=\"2026-06-01\" class=\"page-right\"><i class=\"booked-icon booked-icon-arrow-right\"><\/i><\/a>\t\t\t\t<\/th>\n\t\t\t<\/tr>\n\t\t\t<tr class=\"days\">\n\t\t\t\t\t\t\t\t<th>E<\/th>\n\t\t\t\t<th>T<\/th>\n\t\t\t\t<th>K<\/th>\n\t\t\t\t<th>N<\/th>\n\t\t\t\t<th>R<\/th>\n\t\t\t\t<th>L<\/th>\t\t\t\t<th>P<\/th>\t\t\t<\/tr>\n\t\t<\/thead>\n\t\t<tbody><tr class=\"week\"><td data-date=\"2026-04-27\" class=\"prev-month prev-date\"><span class=\"date\"><span class=\"number\">27<\/span><\/span><\/td><td data-date=\"2026-04-28\" class=\"prev-month prev-date\"><span class=\"date\"><span class=\"number\">28<\/span><\/span><\/td><td data-date=\"2026-04-29\" class=\"prev-month booked prev-date\"><span class=\"date\"><span class=\"number\">29<\/span><\/span><\/td><td data-date=\"2026-04-30\" class=\"prev-month prev-date\"><span class=\"date\"><span class=\"number\">30<\/span><\/span><\/td><td data-date=\"2026-05-1\" class=\"prev-date\"><span class=\"date\"><span class=\"number\">1<\/span><\/span><\/td><td data-date=\"2026-05-2\" class=\"today prev-date\"><span class=\"date\"><span class=\"number\">2<\/span><\/span><\/td><td data-date=\"2026-05-3\" class=\"prev-date\"><span class=\"date\"><span class=\"number\">3<\/span><\/span><\/td><\/tr><tr class=\"week\"><td data-date=\"2026-05-4\" class=\"\"><span class=\"date tooltipster\" title=\"7 Available\"><span class=\"number\">4<\/span><\/span><\/td><td data-date=\"2026-05-5\" class=\"\"><span class=\"date tooltipster\" title=\"1 Available\"><span class=\"number\">5<\/span><\/span><\/td><td data-date=\"2026-05-6\" class=\"booked prev-date\"><span class=\"date\"><span class=\"number\">6<\/span><\/span><\/td><td data-date=\"2026-05-7\" class=\"booked prev-date\"><span class=\"date\"><span class=\"number\">7<\/span><\/span><\/td><td data-date=\"2026-05-8\" class=\"prev-date\"><span class=\"date\"><span class=\"number\">8<\/span><\/span><\/td><td data-date=\"2026-05-9\" class=\"prev-date\"><span class=\"date\"><span class=\"number\">9<\/span><\/span><\/td><td data-date=\"2026-05-10\" class=\"prev-date\"><span class=\"date\"><span class=\"number\">10<\/span><\/span><\/td><\/tr><tr class=\"week\"><td data-date=\"2026-05-11\" class=\"\"><span class=\"date tooltipster\" title=\"7 Available\"><span class=\"number\">11<\/span><\/span><\/td><td data-date=\"2026-05-12\" class=\"\"><span class=\"date tooltipster\" title=\"6 Available\"><span class=\"number\">12<\/span><\/span><\/td><td data-date=\"2026-05-13\" class=\"booked prev-date\"><span class=\"date\"><span class=\"number\">13<\/span><\/span><\/td><td data-date=\"2026-05-14\" class=\"\"><span class=\"date tooltipster\" title=\"1 Available\"><span class=\"number\">14<\/span><\/span><\/td><td data-date=\"2026-05-15\" class=\"prev-date\"><span class=\"date\"><span class=\"number\">15<\/span><\/span><\/td><td data-date=\"2026-05-16\" class=\"prev-date\"><span class=\"date\"><span class=\"number\">16<\/span><\/span><\/td><td data-date=\"2026-05-17\" class=\"prev-date\"><span class=\"date\"><span class=\"number\">17<\/span><\/span><\/td><\/tr><tr class=\"week\"><td data-date=\"2026-05-18\" class=\"\"><span class=\"date tooltipster\" title=\"8 Available\"><span class=\"number\">18<\/span><\/span><\/td><td data-date=\"2026-05-19\" class=\"\"><span class=\"date tooltipster\" title=\"6 Available\"><span class=\"number\">19<\/span><\/span><\/td><td data-date=\"2026-05-20\" class=\"booked prev-date\"><span class=\"date\"><span class=\"number\">20<\/span><\/span><\/td><td data-date=\"2026-05-21\" class=\"\"><span class=\"date tooltipster\" title=\"1 Available\"><span class=\"number\">21<\/span><\/span><\/td><td data-date=\"2026-05-22\" class=\"prev-date\"><span class=\"date\"><span class=\"number\">22<\/span><\/span><\/td><td data-date=\"2026-05-23\" class=\"prev-date\"><span class=\"date\"><span class=\"number\">23<\/span><\/span><\/td><td data-date=\"2026-05-24\" class=\"prev-date\"><span class=\"date\"><span class=\"number\">24<\/span><\/span><\/td><\/tr><tr class=\"week\"><td data-date=\"2026-05-25\" class=\"\"><span class=\"date tooltipster\" title=\"9 Available\"><span class=\"number\">25<\/span><\/span><\/td><td data-date=\"2026-05-26\" class=\"\"><span class=\"date tooltipster\" title=\"7 Available\"><span class=\"number\">26<\/span><\/span><\/td><td data-date=\"2026-05-27\" class=\"booked prev-date\"><span class=\"date\"><span class=\"number\">27<\/span><\/span><\/td><td data-date=\"2026-05-28\" class=\"booked prev-date\"><span class=\"date\"><span class=\"number\">28<\/span><\/span><\/td><td data-date=\"2026-05-29\" class=\"prev-date\"><span class=\"date\"><span class=\"number\">29<\/span><\/span><\/td><td data-date=\"2026-05-30\" class=\"prev-date\"><span class=\"date\"><span class=\"number\">30<\/span><\/span><\/td><td data-date=\"2026-05-31\" class=\"prev-date\"><span class=\"date\"><span class=\"number\">31<\/span><\/span><\/td><\/tr>\t\t<\/tbody>\n\t<\/table><\/div><\/div>\t\t\t\t<\/div>\n\t\t\t\t<\/div>\n\t\t\t\t\t<\/div>\n\t\t<\/div>\n\t\t\t\t\t<\/div>\n\t\t<\/section>\n\t\t\t\t<\/div>\n\t\t","protected":false},"excerpt":{"rendered":"<p>BRONEERIMINE Tundi registreerimine on kiire ja lihtne. Vali kalendrist kuup\u00e4ev Vali tund. Kui oled \u201eUus kasutaja\u201d \u2013 t\u00e4ida k\u00f5ik v\u00e4ljad ja kl\u00f5psa nupul \u201eBroneeri see aeg\u201d Kui oled varem broneerinud \u2013 vali \u201eOlen registreeritud\u201d ja logi oma kontole sisse. Tunni saad broneerida ja t\u00fchistada oma isikliku kabinetis ning\u00a0vaadata\u00a0broneeringute ajalugu.<\/p>\n","protected":false},"author":1,"featured_media":0,"parent":0,"menu_order":0,"comment_status":"closed","ping_status":"closed","template":"page-templates\/template-pagebuilder-full-width.php","meta":{"neve_meta_sidebar":"","neve_meta_container":"","neve_meta_enable_content_width":"","neve_meta_content_width":70,"neve_meta_title_alignment":"","neve_meta_author_avatar":"","neve_post_elements_order":"","neve_meta_disable_header":"","neve_meta_disable_footer":"","neve_meta_disable_title":"","footnotes":""},"class_list":["post-11334","page","type-page","status-publish","hentry"],"aioseo_notices":[],"_links":{"self":[{"href":"https:\/\/myfly-yoga.eu\/et\/wp-json\/wp\/v2\/pages\/11334","targetHints":{"allow":["GET"]}}],"collection":[{"href":"https:\/\/myfly-yoga.eu\/et\/wp-json\/wp\/v2\/pages"}],"about":[{"href":"https:\/\/myfly-yoga.eu\/et\/wp-json\/wp\/v2\/types\/page"}],"author":[{"embeddable":true,"href":"https:\/\/myfly-yoga.eu\/et\/wp-json\/wp\/v2\/users\/1"}],"replies":[{"embeddable":true,"href":"https:\/\/myfly-yoga.eu\/et\/wp-json\/wp\/v2\/comments?post=11334"}],"version-history":[{"count":11,"href":"https:\/\/myfly-yoga.eu\/et\/wp-json\/wp\/v2\/pages\/11334\/revisions"}],"predecessor-version":[{"id":12190,"href":"https:\/\/myfly-yoga.eu\/et\/wp-json\/wp\/v2\/pages\/11334\/revisions\/12190"}],"wp:attachment":[{"href":"https:\/\/myfly-yoga.eu\/et\/wp-json\/wp\/v2\/media?parent=11334"}],"curies":[{"name":"wp","href":"https:\/\/api.w.org\/{rel}","templated":true}]}}